{"id":35,"date":"2023-02-15T14:30:59","date_gmt":"2023-02-15T13:30:59","guid":{"rendered":"https:\/\/almistango.com\/?page_id=35"},"modified":"2024-10-03T12:46:58","modified_gmt":"2024-10-03T10:46:58","slug":"o-nas","status":"publish","type":"page","link":"https:\/\/almistango.com\/index.php\/o-nas\/","title":{"rendered":"O NAS"},"content":{"rendered":"\n<p class=\"has-text-align-center\"><strong>Luiza i Marcelo Almiron \u201cLOS ALMIS\u201d<\/strong><\/p>\n\n\n\n<p class=\"has-text-align-center\"><strong>&nbsp;<\/strong><strong>~ TANGO ARGENTY\u0143SKIE PROSTO Z BUENOS AIRES ~<\/strong><\/p>\n\n\n\n<p>To polsko-argenty\u0144skie ma\u0142\u017ce\u0144stwo, kt\u00f3re ma za sob\u0105 ogromne do\u015bwiadczenie \u2013 zar\u00f3wno w&nbsp;tangu argenty\u0144skim, jak te\u017c innych formach ta\u0144ca oraz technikach pracy z cia\u0142em.<\/p>\n\n\n\n<p><strong>Maj\u0105 30 LAT DO\u015aWIADCZENIA w tangu oraz nauczaniu!!!<\/strong><br><strong>Ucz\u0105 na sta\u0142e w Warszawie:<\/strong><\/p>\n\n\n\n<p><strong>MARCELO \u2013 Argenty\u0144czyk<\/strong> <strong>pochodz\u0105cy z&nbsp;Buenos Aires <\/strong>&#8211; profesjonalny tancerz, choreograf i nauczyciel, kt\u00f3ry ma za sob\u0105 olbrzymie i wszechstronne do\u015bwiadczenie, kt\u00f3re wch\u0142on\u0105\u0142 od najlepszych nauczycieli i&nbsp;maestros w Buenos Aires. Od dawna wyst\u0119powa\u0142 na presti\u017cowych i tradycyjnych scenach Buenos Aires (w show tangowych): <strong>La Cumparsita, Bar Sur, La Ventana, El Viejo Almacen, Homero Manzi y Cafe Tortoni.<\/strong><\/p>\n\n\n\n<p>W latach 2001-2002 wyst\u0119powa\u0142 w tango shows:<br>&#8211; w <strong>Teatro Col\u00f3n <\/strong>(z Maris\u0105 Quirog\u0105 jako g\u0142\u00f3wn\u0105 balerin\u0105)<br>&#8211; w Una Suite de Tango w <strong>Centro Cultural Borges \u2013 <\/strong>wsp\u00f3lnie z tancerzami Teatru Col\u00f3n<br>Wygra\u0142 <strong>2 nagrod\u0119 na Mistrzostwach \u015awiata w\u00a0Tangu organizowanych przez La Virut\u0119 i\u00a0Tangaut\u0119 w 2002<\/strong>r.<\/p>\n\n\n\n<p><strong>LUIZA<\/strong> \u2013 \u017cona Marcela, jest jedn\u0105 z pierwszych tancerek i nauczycielek tanga w Polsce. Od 2009 r. pracuje razem ze swoim m\u0119\u017cem Marcelo. W Buenos Aires pracowa\u0142a,<strong> ucz\u0105c tanga z Oskym Casasem<\/strong> w jednej z&nbsp;najpopularniejszych tradycyjnych milong: <strong>w El Beso <\/strong>(2007-2008). Razem z Oskym ta\u0144czyli pokazy na takich milongach jak <strong>\u201eMilonguita\u201d i&nbsp;\u201eCachirulo\u201d w Buenos Aires.<\/strong><\/p>\n\n\n\n<p>Ze swoim by\u0142ym partnerem Jakubem Korczewskim otworzy\u0142a pierwsz\u0105 regularn\u0105 szko\u0142\u0119 tanga w Polsce (2003) i pracowa\u0142a z nim przez wiele lat. We wsp\u00f3\u0142pracy z Luisem Bianchi (tancerz z Buenos Aires) wyprodukowa\u0142a <strong>pierwsze polskie show tangowe dla teatru (\u201eTango Historias\u201d 2006), w kt\u00f3rym wyst\u0119powa\u0142a tak\u017ce jako tancerka <\/strong>(Warszawa i\u00a0Koszalin 2006).<br>W 2004 r. ta\u0144czy\u0142a pokaz tanga podczas <strong>\u201eTango Argentino Show\u201d<\/strong> <strong>Juana Carlosa Copesa<\/strong> &#8211; legendy tanga, tancerza i choreografa znanego z filmu \u201cTango\u201d Carlosa Saury.<\/p>\n\n\n\n<p>Luiza i Marcelo proponuj\u0105 Wam tango argenty\u0144skiego prosto z kolebki tanga z BUENOS AIRES &#8211; we wszystkich jego kolorach i odcieniach !!!<\/p>\n\n\n\n<p><strong>Marcelo ta\u0144czy tango od ponad 30 lat, Luiza ponad 25 lat. Ta\u0144cem zajmuj\u0105 si\u0119 od ponad 30 lat<\/strong> \u2013 Marcelo zacz\u0105\u0142 ta\u0144czy\u0107 maj\u0105c ok. 15 lat, Luiza jeszcze w szkole podstawowej. To do\u015bwiadczeni pedagodzy. Ich metodyka nauczania \u0142\u0105czy ich r\u00f3\u017cne do\u015bwiadczenia i scala w\u00a0jedn\u0105 unikaln\u0105 ca\u0142o\u015b\u0107 to, co w nich wyj\u0105tkowe:<br>&#8211; korzenie argenty\u0144skie Marcela i jego do\u015bwiadczenie tangowe zaczerpni\u0119te od tych, kt\u00f3rzy ju\u017c nie \u017cyj\u0105 jak i wsp\u00f3\u0142czesnych maestros: mistrz\u00f3w canyengue, tanga tradycyjnego\/salon, milonguero, tango escenario, tango nuevo i milongi oraz do\u015bwiadczenie w innych ta\u0144cach (salsa, taniec wsp\u00f3\u0142czesny, jazz, break-dance oraz rock and roll)<br>&#8211; u Luizy \u2013 jej bogate do\u015bwiadczenie taneczne (tango milonguero, tango salon, tango fantas\u00eda, tango nuevo i\u00a0milonga, taniec towarzyski, salsa, swing), pasj\u0119 odkrywania tajemnicy cia\u0142a i psychiki (szkolenia i kursy pracy z cia\u0142em i terapii ta\u0144cem i ruchem, studia psychologiczne) oraz ponad 20-letnie taneczne do\u015bwiadczenie pedagogiczne zar\u00f3wno z\u00a0dzie\u0107mi jak i doros\u0142ymi.<\/p>\n\n\n\n<p>Ich taniec to kwintesencja tanga, to pasja, nami\u0119tno\u015b\u0107, to rozmowa na r\u00f3\u017cnych poziomach.<br><strong>Jedni z nielicznych par w Europie, kt\u00f3re ta\u0144cz\u0105 wszystkie style tanga<\/strong>, znaj\u0105 i umiej\u0105 pokaza\u0107 ich r\u00f3\u017cnice i subtelne szczeg\u00f3\u0142y:<br>Nie s\u0105 im obce stare techniki tanga, czy te\u017c wsp\u00f3\u0142czesne style i metody ruchu. \u015awietnie odnajduj\u0105 si\u0119 zar\u00f3wno w <strong>tango milonguero<\/strong> czy <strong>starym canyengue<\/strong> jak i w <strong>tangu tradycyjnym,<\/strong> szeroko poj\u0119tym <strong>tango salon.<\/strong> Korzystaj\u0105 cz\u0119sto z rozwi\u0105za\u0144 <strong>tango nuevo<\/strong> a tak\u017ce wzbogacaj\u0105 sw\u00f3j taniec o bardzo ekspresyjne <strong>tango fantas\u00eda <\/strong>czy <strong>tango escenario.<\/strong> Uwielbiaj\u0105 te\u017c ta\u0144czy\u0107 <strong>milong\u0119.<\/strong> Prowadz\u0105 regularne kursy, warsztaty, specjalne seminaria oraz ta\u0144cz\u0105 na wielu pokazach w\u00a0Polsce i za granic\u0105.<\/p>\n\n\n\n<p><strong><u>Wyst\u0119py (wybrane):<\/u><\/strong><\/p>\n\n\n\n<p>Ta\u0144czyli pokazy w wielu popularnych milongach Buenos Aires takich, jak:<br><strong>Milonga Paracultural (Salon Canning); Porte\u00f1o y Bailarin, Gricel, Maldita Milonga, Hay un Lugar, Rivadavia Club (Clely Tango).<\/strong><\/p>\n\n\n\n<p>Ta\u0144czyli tak\u017ce wiele pokaz\u00f3w podczas festiwali, koncert\u00f3w czy wydarze\u0144 specjalnych m.in:<br>&#8211; koncert Roberto Siri w Warszawie (2017),<br>&#8211; Stockholm Tango Festival (2015)<br>&#8211; koncert Solo Tango Orquestra (Festiwal Tanga w\u00a0Sztokholmie, 2015),<br>&#8211; koncert Silencio Tango Orquestra w Sztokholmie,<br>&#8211; koncert Orquestra Tipica Andariega w Sztokholmie (2013)<br>&#8211; koncert Criminal Tango w Sztokholmie,<br>&#8211; koncert Tangarte Orquestra w Sztokholmie (2010),<br>&#8211; Polsko-Litewska Milonga w Wilnie (2016 i 2017),<br>&#8211; koncerty Tango Diagonales w Warszawie (2016),<br>&#8211; koncerty polskiego zespo\u0142u Tangostan w\u00a0Warszawie,<br>&#8211; Festiwal Tanga w Warszawie (2010),<br>&#8211; Festiwal Tanga w Zielonej G\u00f3rze (2017, 2019, 2023),<br>&#8211; Festiwal Tanga Alegria w Brzegu (2019, 2021),<br>&#8211; Milonga Piernikowa w Toruniu (2017, 2019, 2020)<br>&#8211; warsztaty i pokazy w ramach regionalnych projekt\u00f3w unijnych w Jeleniej G\u00f3rze (2020,2021, 2022)<br>&#8211; \u201cTango con Placido\u201d \u2013 spektakle teatralne z Placido Domingo Jr. i Alicja W\u0119gorzewsk\u0105 (2024, Grodzisk Mazowiecki, P\u0142ock)<br>&#8211; pokazy na wielu imprezach firmowych, targach etc.<br>&#8211; W latach 2010 i 2011 uczestniczyli w polsko-niemieckim projekcie kulturalnym EU \u201cPop\u0142y\u0144 z tangiem\u201d \u2013 daj\u0105c tygodniowe warsztaty oraz pokazy tanga w Jeleniej G\u00f3rze i Bautzen (Niemcy).<\/p>\n\n\n\n<p>Przygotowali choreografi\u0119 tanga do spektaklu \u201eKr\u00f3lowa \u015aniegu\u201d w Teatrze Polskim w Warszawie (na 100-lecie Teatru Polskiego, 2014).<\/p>\n\n\n\n<p>***<\/p>\n\n\n\n<p><\/p>\n","protected":false},"excerpt":{"rendered":"<p>Luiza i Marcelo Almiron \u201cLOS ALMIS\u201d &nbsp;~ TANGO ARGENTY\u0143SKIE PROSTO Z BUENOS AIRES ~ To polsko-argenty\u0144skie ma\u0142\u017ce\u0144stwo, kt\u00f3re ma za sob\u0105 ogromne do\u015bwiadczenie \u2013 zar\u00f3wno w&nbsp;tangu argenty\u0144skim, jak te\u017c innych formach ta\u0144ca oraz technikach pracy z cia\u0142em. Maj\u0105 30 LAT&#8230; <a class=\"more-link\" href=\"https:\/\/almistango.com\/index.php\/o-nas\/\">Czytaj dalej &rarr;<\/a><\/p>\n","protected":false},"author":1,"featured_media":0,"parent":0,"menu_order":0,"comment_status":"closed","ping_status":"closed","template":"","meta":{"footnotes":""},"class_list":["post-35","page","type-page","status-publish","hentry"],"_links":{"self":[{"href":"https:\/\/almistango.com\/index.php\/wp-json\/wp\/v2\/pages\/35","targetHints":{"allow":["GET"]}}],"collection":[{"href":"https:\/\/almistango.com\/index.php\/wp-json\/wp\/v2\/pages"}],"about":[{"href":"https:\/\/almistango.com\/index.php\/wp-json\/wp\/v2\/types\/page"}],"author":[{"embeddable":true,"href":"https:\/\/almistango.com\/index.php\/wp-json\/wp\/v2\/users\/1"}],"replies":[{"embeddable":true,"href":"https:\/\/almistango.com\/index.php\/wp-json\/wp\/v2\/comments?post=35"}],"version-history":[{"count":5,"href":"https:\/\/almistango.com\/index.php\/wp-json\/wp\/v2\/pages\/35\/revisions"}],"predecessor-version":[{"id":131,"href":"https:\/\/almistango.com\/index.php\/wp-json\/wp\/v2\/pages\/35\/revisions\/131"}],"wp:attachment":[{"href":"https:\/\/almistango.com\/index.php\/wp-json\/wp\/v2\/media?parent=35"}],"curies":[{"name":"wp","href":"https:\/\/api.w.org\/{rel}","templated":true}]}}