{"id":36,"date":"2023-02-15T14:30:59","date_gmt":"2023-02-15T13:30:59","guid":{"rendered":"https:\/\/almistango.com\/?page_id=36"},"modified":"2024-10-03T12:32:55","modified_gmt":"2024-10-03T10:32:55","slug":"kursy","status":"publish","type":"page","link":"https:\/\/almistango.com\/index.php\/kursy\/","title":{"rendered":"KURSY"},"content":{"rendered":"\n<pre class=\"wp-block-verse\"><strong>TANGO MILONGUERO <\/strong>(bliskie trzymanie) -<strong> wtorki 20.30<\/strong> \npoziom \u015bredniozaawansowany.\no adres kursu pytaj mailem lub telefonicznie<\/pre>\n\n\n\n<pre class=\"wp-block-verse\"><strong>MILONGA <\/strong>- <strong>\u015brody 19.00\nTANGO dla ZAAWANSOWANYCH - \u015brody 20.30<\/strong>\na adres kursu pytaj mailem lub telefonicznie<\/pre>\n\n\n\n<p><\/p>\n","protected":false},"excerpt":{"rendered":"<p>TANGO MILONGUERO (bliskie trzymanie) &#8211; wtorki 20.30 poziom \u015bredniozaawansowany. o adres kursu pytaj mailem lub telefonicznie MILONGA &#8211; \u015brody 19.00 TANGO dla ZAAWANSOWANYCH &#8211; \u015brody 20.30 a adres kursu pytaj mailem lub telefonicznie<\/p>\n","protected":false},"author":1,"featured_media":0,"parent":0,"menu_order":0,"comment_status":"closed","ping_status":"closed","template":"","meta":{"footnotes":""},"class_list":["post-36","page","type-page","status-publish","hentry"],"_links":{"self":[{"href":"https:\/\/almistango.com\/index.php\/wp-json\/wp\/v2\/pages\/36","targetHints":{"allow":["GET"]}}],"collection":[{"href":"https:\/\/almistango.com\/index.php\/wp-json\/wp\/v2\/pages"}],"about":[{"href":"https:\/\/almistango.com\/index.php\/wp-json\/wp\/v2\/types\/page"}],"author":[{"embeddable":true,"href":"https:\/\/almistango.com\/index.php\/wp-json\/wp\/v2\/users\/1"}],"replies":[{"embeddable":true,"href":"https:\/\/almistango.com\/index.php\/wp-json\/wp\/v2\/comments?post=36"}],"version-history":[{"count":6,"href":"https:\/\/almistango.com\/index.php\/wp-json\/wp\/v2\/pages\/36\/revisions"}],"predecessor-version":[{"id":126,"href":"https:\/\/almistango.com\/index.php\/wp-json\/wp\/v2\/pages\/36\/revisions\/126"}],"wp:attachment":[{"href":"https:\/\/almistango.com\/index.php\/wp-json\/wp\/v2\/media?parent=36"}],"curies":[{"name":"wp","href":"https:\/\/api.w.org\/{rel}","templated":true}]}}