{"id":37,"date":"2023-02-15T14:30:59","date_gmt":"2023-02-15T13:30:59","guid":{"rendered":"https:\/\/almistango.com\/?page_id=37"},"modified":"2023-02-16T14:48:40","modified_gmt":"2023-02-16T13:48:40","slug":"almis-tango-szkola-tanga-argentynskiego","status":"publish","type":"page","link":"https:\/\/almistango.com\/","title":{"rendered":"ALMIS TANGO<br>Szko\u0142a Tanga Argenty\u0144skiego"},"content":{"rendered":"\n<p>Chcesz doda\u0107 troch\u0119 magii do swojego \u017cycia? <br>Chcesz odnale\u017a\u0107 pasj\u0119 i dzieli\u0107 j\u0105 z ukochan\u0105 osob\u0105? <br>A mo\u017ce zaskoczy\u0107 przyjaci\u00f3\u0142 swoim nowym hobby?<br>Lub po prostu sp\u0119dzi\u0107 mi\u0142o czas? <br>Przyjd\u017a do nas! <br>Zabierzemy Ci\u0119 w przygod\u0119 Twojego \u017bycia!   <br>Mamy 30 lat do\u015bwiadczenia w tangu i nauczaniu.  <br>U nas znajdziesz tango prosto z kolebki tanga &#8211; z Buenos Aires &#8211; we wszystkich jego kolorach i odcieniach <br>Zapraszamy! Luiza &amp; Marcelo<\/p>\n\n\n\n<pre class=\"wp-block-verse has-text-align-right\">Luiza i Marcelo Almiron - tel. (+48) 501-372-170\nemail: luiza@almistango.com<\/pre>\n","protected":false},"excerpt":{"rendered":"<p>Chcesz doda\u0107 troch\u0119 magii do swojego \u017cycia? Chcesz odnale\u017a\u0107 pasj\u0119 i dzieli\u0107 j\u0105 z ukochan\u0105 osob\u0105? A mo\u017ce zaskoczy\u0107 przyjaci\u00f3\u0142 swoim nowym hobby?Lub po prostu sp\u0119dzi\u0107 mi\u0142o czas? Przyjd\u017a do nas! Zabierzemy Ci\u0119 w przygod\u0119 Twojego \u017bycia! Mamy 30 lat&#8230; <a class=\"more-link\" href=\"https:\/\/almistango.com\/\">Czytaj dalej &rarr;<\/a><\/p>\n","protected":false},"author":1,"featured_media":0,"parent":0,"menu_order":0,"comment_status":"closed","ping_status":"closed","template":"","meta":{"footnotes":""},"class_list":["post-37","page","type-page","status-publish","hentry"],"_links":{"self":[{"href":"https:\/\/almistango.com\/index.php\/wp-json\/wp\/v2\/pages\/37","targetHints":{"allow":["GET"]}}],"collection":[{"href":"https:\/\/almistango.com\/index.php\/wp-json\/wp\/v2\/pages"}],"about":[{"href":"https:\/\/almistango.com\/index.php\/wp-json\/wp\/v2\/types\/page"}],"author":[{"embeddable":true,"href":"https:\/\/almistango.com\/index.php\/wp-json\/wp\/v2\/users\/1"}],"replies":[{"embeddable":true,"href":"https:\/\/almistango.com\/index.php\/wp-json\/wp\/v2\/comments?post=37"}],"version-history":[{"count":11,"href":"https:\/\/almistango.com\/index.php\/wp-json\/wp\/v2\/pages\/37\/revisions"}],"predecessor-version":[{"id":90,"href":"https:\/\/almistango.com\/index.php\/wp-json\/wp\/v2\/pages\/37\/revisions\/90"}],"wp:attachment":[{"href":"https:\/\/almistango.com\/index.php\/wp-json\/wp\/v2\/media?parent=37"}],"curies":[{"name":"wp","href":"https:\/\/api.w.org\/{rel}","templated":true}]}}